{"id":1326,"date":"2025-12-01T13:10:57","date_gmt":"2025-12-01T12:10:57","guid":{"rendered":"https:\/\/www.kutnohorskamincovna.cz\/?page_id=1326"},"modified":"2025-12-01T13:16:09","modified_gmt":"2025-12-01T12:16:09","slug":"jiz-brzy","status":"publish","type":"page","link":"https:\/\/www.kutnohorskamincovna.cz\/","title":{"rendered":"Ji\u017e brzy"},"content":{"rendered":"\n<section class=\"gsbp-a72ee49 alignfull\" data-type=\"section-component\">\n<div class=\"gsbp-1bc827b\" data-type=\"content-area-component\">\n<h1 class=\"gspb-LdTe1wiszDpk81IpV8JZj\">Nov\u00e9 Webov\u00e9 Str\u00e1nky Ji\u017e Brzy<\/h1>\n<\/div>\n<\/section>\n","protected":false},"excerpt":{"rendered":"","protected":false},"author":3,"featured_media":0,"parent":0,"menu_order":0,"comment_status":"closed","ping_status":"closed","template":"blank","meta":{"_gspb_post_css":".gsbp-1bc827b,.gsbp-a72ee49{display:flex;justify-content:center}.gsbp-a72ee49{flex-direction:column;align-items:center;padding-right:var(--wp--custom--spacing--side, min(3vw, 20px));padding-left:var(--wp--custom--spacing--side, min(3vw, 20px));padding-top:var(--wp--custom--spacing--top, 0px);padding-bottom:var(--wp--custom--spacing--bottom, 0px);margin-top:0;margin-bottom:0;position:relative;row-gap:50px;min-height:100vh;background-color:#e8e3df;background-image:url(https:\/\/www.kutnohorskamincovna.cz\/wp-content\/uploads\/2025\/11\/BG-Graphic-CTA.webp);background-position:94% 73%;background-repeat:no-repeat;background-size:cover;background-blend-mode:normal}.gsbp-1bc827b{max-width:1440px;width:100%;flex-direction:row}.gspb-LdTe1wiszDpk81IpV8JZj{text-align:center;font-size:120px;line-height:130px;font-weight:500;color:#202020;margin:0;max-width:1000px}","footnotes":""},"class_list":["post-1326","page","type-page","status-publish","hentry"],"_links":{"self":[{"href":"https:\/\/www.kutnohorskamincovna.cz\/index.php\/wp-json\/wp\/v2\/pages\/1326","targetHints":{"allow":["GET"]}}],"collection":[{"href":"https:\/\/www.kutnohorskamincovna.cz\/index.php\/wp-json\/wp\/v2\/pages"}],"about":[{"href":"https:\/\/www.kutnohorskamincovna.cz\/index.php\/wp-json\/wp\/v2\/types\/page"}],"author":[{"embeddable":true,"href":"https:\/\/www.kutnohorskamincovna.cz\/index.php\/wp-json\/wp\/v2\/users\/3"}],"replies":[{"embeddable":true,"href":"https:\/\/www.kutnohorskamincovna.cz\/index.php\/wp-json\/wp\/v2\/comments?post=1326"}],"version-history":[{"count":3,"href":"https:\/\/www.kutnohorskamincovna.cz\/index.php\/wp-json\/wp\/v2\/pages\/1326\/revisions"}],"predecessor-version":[{"id":1333,"href":"https:\/\/www.kutnohorskamincovna.cz\/index.php\/wp-json\/wp\/v2\/pages\/1326\/revisions\/1333"}],"wp:attachment":[{"href":"https:\/\/www.kutnohorskamincovna.cz\/index.php\/wp-json\/wp\/v2\/media?parent=1326"}],"curies":[{"name":"wp","href":"https:\/\/api.w.org\/{rel}","templated":true}]}}